{"id":48,"date":"2017-03-08T15:48:52","date_gmt":"2017-03-08T15:48:52","guid":{"rendered":"http:\/\/localhost\/wp-themes\/car-repair-services\/?page_id=48"},"modified":"2017-03-08T15:48:52","modified_gmt":"2017-03-08T15:48:52","slug":"contacts","status":"publish","type":"page","link":"https:\/\/cakirogluauto.com\/index.php\/contacts\/","title":{"rendered":"Contacts"},"content":{"rendered":"<div class=\"wpb-content-wrapper\"><p>\t\t\t\t[vc_row el_class=&#8221;contact-hone-number&#8221; css=&#8221;.vc_custom_1516681192560{margin-bottom: 25px !important;}&#8221;][vc_column width=&#8221;4\/12&#8243;][vc_column_text css=&#8221;.vc_custom_1513068025414{margin-bottom: 0px !important;}&#8221;]<\/p>\n<h3>Call: 1-800-123-4567<\/h3>\n<p>[\/vc_column_text][\/vc_column][vc_column width=&#8221;8\/12&#8243;][vc_column_text css=&#8221;.vc_custom_1513068031678{margin-bottom: 0px !important;}&#8221;]If you have any questions or comments regarding us or your vehicle, please fill out a contact request form below. Or if you prefer, you can reach us at the following address:[\/vc_column_text][\/vc_column][\/vc_row][vc_row][vc_column css=&#8221;.vc_custom_1516681333259{margin-bottom: 5px !important;}&#8221;][vc_widget_sidebar sidebar_id=&#8221;contact_us_sideber&#8221;][\/vc_column][\/vc_row][vc_row el_class=&#8221;btn-contacts contacts-page&#8221;][vc_column][vc_column_text]<\/p>\n<h2>Contact Us<\/h2>\n<p>[\/vc_column_text]<p class=\"wpcf7-contact-form-not-found\"><strong>Hata:<\/strong> \u0130leti\u015fim formu bulunamad\u0131.<\/p>[\/vc_column][\/vc_row]\t\t<\/p>\n<\/div>","protected":false},"excerpt":{"rendered":"<p>[vc_row el_class=&#8221;contact-hone-number&#8221; css=&#8221;.vc_custom_1516681192560{margin-bottom: 25px !important;}&#8221;][vc_column width=&#8221;4\/12&#8243;][vc_column_text css=&#8221;.vc_custom_1513068025414{margin-bottom: 0px !important;}&#8221;] Call: 1-800-123-4567 [\/vc_column_text][\/vc_column][vc_column width=&#8221;8\/12&#8243;][vc_column_text css=&#8221;.vc_custom_1513068031678{margin-bottom: 0px !important;}&#8221;]If you have any questions or comments regarding us or your vehicle, please fill out a contact request form below. Or if you prefer, you can reach us at the following address:[\/vc_column_text][\/vc_column][\/vc_row][vc_row][vc_column css=&#8221;.vc_custom_1516681333259{margin-bottom: 5px !important;}&#8221;][vc_widget_sidebar sidebar_id=&#8221;contact_us_sideber&#8221;][\/vc_column][\/vc_row][vc_row el_class=&#8221;btn-contacts contacts-page&#8221;][vc_column][vc_column_text] Contact Us&#8230;<\/p>\n","protected":false},"author":1,"featured_media":0,"parent":0,"menu_order":0,"comment_status":"closed","ping_status":"closed","template":"","meta":{"footnotes":""},"class_list":["post-48","page","type-page","status-publish","hentry"],"yoast_head":"<!-- This site is optimized with the Yoast SEO plugin v26.6 - https:\/\/yoast.com\/wordpress\/plugins\/seo\/ -->\n<title>Contacts - \u00c7ak\u0131ro\u011flu Otomotiv<\/title>\n<meta name=\"robots\" content=\"index, follow, max-snippet:-1, max-image-preview:large, max-video-preview:-1\" \/>\n<link rel=\"canonical\" href=\"https:\/\/cakirogluauto.com\/index.php\/contacts\/\" \/>\n<meta property=\"og:locale\" content=\"tr_TR\" \/>\n<meta property=\"og:type\" content=\"article\" \/>\n<meta property=\"og:title\" content=\"Contacts - \u00c7ak\u0131ro\u011flu Otomotiv\" \/>\n<meta property=\"og:description\" content=\"[vc_row el_class=&#8221;contact-hone-number&#8221; css=&#8221;.vc_custom_1516681192560{margin-bottom: 25px !important;}&#8221;][vc_column width=&#8221;4\/12&#8243;][vc_column_text css=&#8221;.vc_custom_1513068025414{margin-bottom: 0px !important;}&#8221;] Call: 1-800-123-4567 [\/vc_column_text][\/vc_column][vc_column width=&#8221;8\/12&#8243;][vc_column_text css=&#8221;.vc_custom_1513068031678{margin-bottom: 0px !important;}&#8221;]If you have any questions or comments regarding us or your vehicle, please fill out a contact request form below. Or if you prefer, you can reach us at the following address:[\/vc_column_text][\/vc_column][\/vc_row][vc_row][vc_column css=&#8221;.vc_custom_1516681333259{margin-bottom: 5px !important;}&#8221;][vc_widget_sidebar sidebar_id=&#8221;contact_us_sideber&#8221;][\/vc_column][\/vc_row][vc_row el_class=&#8221;btn-contacts contacts-page&#8221;][vc_column][vc_column_text] Contact Us...\" \/>\n<meta property=\"og:url\" content=\"https:\/\/cakirogluauto.com\/index.php\/contacts\/\" \/>\n<meta property=\"og:site_name\" content=\"\u00c7ak\u0131ro\u011flu Otomotiv\" \/>\n<meta name=\"twitter:card\" content=\"summary_large_image\" \/>\n<meta name=\"twitter:label1\" content=\"Tahmini okuma s\u00fcresi\" \/>\n\t<meta name=\"twitter:data1\" content=\"1 dakika\" \/>\n<script type=\"application\/ld+json\" class=\"yoast-schema-graph\">{\"@context\":\"https:\/\/schema.org\",\"@graph\":[{\"@type\":\"WebPage\",\"@id\":\"https:\/\/cakirogluauto.com\/index.php\/contacts\/\",\"url\":\"https:\/\/cakirogluauto.com\/index.php\/contacts\/\",\"name\":\"Contacts - \u00c7ak\u0131ro\u011flu Otomotiv\",\"isPartOf\":{\"@id\":\"https:\/\/cakirogluauto.com\/#website\"},\"datePublished\":\"2017-03-08T15:48:52+00:00\",\"breadcrumb\":{\"@id\":\"https:\/\/cakirogluauto.com\/index.php\/contacts\/#breadcrumb\"},\"inLanguage\":\"tr\",\"potentialAction\":[{\"@type\":\"ReadAction\",\"target\":[\"https:\/\/cakirogluauto.com\/index.php\/contacts\/\"]}]},{\"@type\":\"BreadcrumbList\",\"@id\":\"https:\/\/cakirogluauto.com\/index.php\/contacts\/#breadcrumb\",\"itemListElement\":[{\"@type\":\"ListItem\",\"position\":1,\"name\":\"Home\",\"item\":\"https:\/\/cakirogluauto.com\/\"},{\"@type\":\"ListItem\",\"position\":2,\"name\":\"Contacts\"}]},{\"@type\":\"WebSite\",\"@id\":\"https:\/\/cakirogluauto.com\/#website\",\"url\":\"https:\/\/cakirogluauto.com\/\",\"name\":\"\u00c7ak\u0131ro\u011flu Otomotiv\",\"description\":\"2.Elde Kalite ve G\u00fcven\",\"potentialAction\":[{\"@type\":\"SearchAction\",\"target\":{\"@type\":\"EntryPoint\",\"urlTemplate\":\"https:\/\/cakirogluauto.com\/?s={search_term_string}\"},\"query-input\":{\"@type\":\"PropertyValueSpecification\",\"valueRequired\":true,\"valueName\":\"search_term_string\"}}],\"inLanguage\":\"tr\"}]}<\/script>\n<!-- \/ Yoast SEO plugin. -->","yoast_head_json":{"title":"Contacts - \u00c7ak\u0131ro\u011flu Otomotiv","robots":{"index":"index","follow":"follow","max-snippet":"max-snippet:-1","max-image-preview":"max-image-preview:large","max-video-preview":"max-video-preview:-1"},"canonical":"https:\/\/cakirogluauto.com\/index.php\/contacts\/","og_locale":"tr_TR","og_type":"article","og_title":"Contacts - \u00c7ak\u0131ro\u011flu Otomotiv","og_description":"[vc_row el_class=&#8221;contact-hone-number&#8221; css=&#8221;.vc_custom_1516681192560{margin-bottom: 25px !important;}&#8221;][vc_column width=&#8221;4\/12&#8243;][vc_column_text css=&#8221;.vc_custom_1513068025414{margin-bottom: 0px !important;}&#8221;] Call: 1-800-123-4567 [\/vc_column_text][\/vc_column][vc_column width=&#8221;8\/12&#8243;][vc_column_text css=&#8221;.vc_custom_1513068031678{margin-bottom: 0px !important;}&#8221;]If you have any questions or comments regarding us or your vehicle, please fill out a contact request form below. Or if you prefer, you can reach us at the following address:[\/vc_column_text][\/vc_column][\/vc_row][vc_row][vc_column css=&#8221;.vc_custom_1516681333259{margin-bottom: 5px !important;}&#8221;][vc_widget_sidebar sidebar_id=&#8221;contact_us_sideber&#8221;][\/vc_column][\/vc_row][vc_row el_class=&#8221;btn-contacts contacts-page&#8221;][vc_column][vc_column_text] Contact Us...","og_url":"https:\/\/cakirogluauto.com\/index.php\/contacts\/","og_site_name":"\u00c7ak\u0131ro\u011flu Otomotiv","twitter_card":"summary_large_image","twitter_misc":{"Tahmini okuma s\u00fcresi":"1 dakika"},"schema":{"@context":"https:\/\/schema.org","@graph":[{"@type":"WebPage","@id":"https:\/\/cakirogluauto.com\/index.php\/contacts\/","url":"https:\/\/cakirogluauto.com\/index.php\/contacts\/","name":"Contacts - \u00c7ak\u0131ro\u011flu Otomotiv","isPartOf":{"@id":"https:\/\/cakirogluauto.com\/#website"},"datePublished":"2017-03-08T15:48:52+00:00","breadcrumb":{"@id":"https:\/\/cakirogluauto.com\/index.php\/contacts\/#breadcrumb"},"inLanguage":"tr","potentialAction":[{"@type":"ReadAction","target":["https:\/\/cakirogluauto.com\/index.php\/contacts\/"]}]},{"@type":"BreadcrumbList","@id":"https:\/\/cakirogluauto.com\/index.php\/contacts\/#breadcrumb","itemListElement":[{"@type":"ListItem","position":1,"name":"Home","item":"https:\/\/cakirogluauto.com\/"},{"@type":"ListItem","position":2,"name":"Contacts"}]},{"@type":"WebSite","@id":"https:\/\/cakirogluauto.com\/#website","url":"https:\/\/cakirogluauto.com\/","name":"\u00c7ak\u0131ro\u011flu Otomotiv","description":"2.Elde Kalite ve G\u00fcven","potentialAction":[{"@type":"SearchAction","target":{"@type":"EntryPoint","urlTemplate":"https:\/\/cakirogluauto.com\/?s={search_term_string}"},"query-input":{"@type":"PropertyValueSpecification","valueRequired":true,"valueName":"search_term_string"}}],"inLanguage":"tr"}]}},"_links":{"self":[{"href":"https:\/\/cakirogluauto.com\/index.php\/wp-json\/wp\/v2\/pages\/48","targetHints":{"allow":["GET"]}}],"collection":[{"href":"https:\/\/cakirogluauto.com\/index.php\/wp-json\/wp\/v2\/pages"}],"about":[{"href":"https:\/\/cakirogluauto.com\/index.php\/wp-json\/wp\/v2\/types\/page"}],"author":[{"embeddable":true,"href":"https:\/\/cakirogluauto.com\/index.php\/wp-json\/wp\/v2\/users\/1"}],"replies":[{"embeddable":true,"href":"https:\/\/cakirogluauto.com\/index.php\/wp-json\/wp\/v2\/comments?post=48"}],"version-history":[{"count":0,"href":"https:\/\/cakirogluauto.com\/index.php\/wp-json\/wp\/v2\/pages\/48\/revisions"}],"wp:attachment":[{"href":"https:\/\/cakirogluauto.com\/index.php\/wp-json\/wp\/v2\/media?parent=48"}],"curies":[{"name":"wp","href":"https:\/\/api.w.org\/{rel}","templated":true}]}}