{"id":56,"date":"2017-03-08T16:27:32","date_gmt":"2017-03-08T16:27:32","guid":{"rendered":"http:\/\/localhost\/wp-themes\/car-repair-services\/?page_id=56"},"modified":"2026-01-05T13:13:35","modified_gmt":"2026-01-05T10:13:35","slug":"home","status":"publish","type":"page","link":"https:\/\/cakirogluauto.com\/","title":{"rendered":"Anasayfa"},"content":{"rendered":"<div class=\"wpb-content-wrapper\"><p>[vc_row full_width=&#8221;stretch_row_content&#8221; equal_height=&#8221;yes&#8221; el_class=&#8221;home-slider-one&#8221;][vc_column][vc_column_text]\r\n        <!-- Slider -->\r\n        <div id=\"mainSliderWrapper\">\r\n            <div id=\"mainSlider\" class=\"slider-wrapper theme-default \">\r\n\r\n\r\n\r\n                    \r\n\r\n                <div class=\"slide \" id=\"unq0504130001488993062782684\">\r\n                    <div class=\"img--holder\"    style=\"background-image: url(https:\/\/cakirogluauto.com\/wp-content\/uploads\/2017\/03\/slide1.jpg);\" ><\/div>\r\n                    <div class=\"slide-content center\">\r\n                        <div class=\"vert-wrap container\">\r\n                            <div class=\"vert\">\r\n                                <div class=\"container\">\r\n                                     <h4 data-animation=\"zoomIn\" data-animation-delay=\"0.5s\">B\u00fct\u00e7enize g\u00f6re ikinci el<\/h4><h3 data-animation=\"scaleOut\" data-animation-delay=\"0.2\">Ara\u00e7lar\u0131m\u0131z\u0131 \u0130nceledinizmi?<\/h3><p class=\"hidden-xs\" data-animation=\"fadeIn\" data-animation-delay=\"0.9s\">En \u00fcstte bulunan Ara\u00e7lar\u0131m\u0131z k\u0131sm\u0131ndan inceleyebilirsiniz<\/p>                                <\/div>\r\n                            <\/div>\r\n                        <\/div>\r\n                    <\/div>\r\n                <\/div>\r\n\r\n        \r\n\r\n                <div class=\"slide \" id=\"unq0969882001513140977728591\">\r\n                    <div class=\"img--holder\"    style=\"background-image: url(https:\/\/cakirogluauto.com\/wp-content\/uploads\/2017\/03\/slide2.jpg);\" ><\/div>\r\n                    <div class=\"slide-content left\">\r\n                        <div class=\"vert-wrap container\">\r\n                            <div class=\"vert\">\r\n                                <div class=\"container\">\r\n                                     <h4 data-animation=\"fadeInLeft\" data-animation-delay=\"0.8s\">T\u00fcm ara\u00e7lar\u0131m\u0131z<\/h4><h3 data-animation=\"flipInX\" data-animation-delay=\"0.2s\">Ekspertiz Raporlu<\/h3><h3 data-animation=\"flipInX\" data-animation-delay=\"0.5s\">&amp; Bak\u0131ml\u0131d\u0131r<\/h3><p class=\"hidden-xs\" data-animation=\"fadeIn\" data-animation-delay=\"1.5s\">Ara\u00e7lar\u0131m\u0131z\u0131 al\u0131rken sizleri d\u00fc\u015f\u00fcnerek se\u00e7iyoruz<\/p>                                <\/div>\r\n                            <\/div>\r\n                        <\/div>\r\n                    <\/div>\r\n                <\/div>\r\n\r\n        \r\n\r\n                <div class=\"slide \" id=\"unq012286300151313623580290\">\r\n                    <div class=\"img--holder\"    style=\"background-image: url(https:\/\/cakirogluauto.com\/wp-content\/uploads\/2017\/03\/slide3.jpg);\" ><\/div>\r\n                    <div class=\"slide-content center\">\r\n                        <div class=\"vert-wrap container\">\r\n                            <div class=\"vert\">\r\n                                <div class=\"container\">\r\n                                     <h4 data-animation=\"zoomIn\" data-animation-delay=\"0.5s\">Do\u011fru arac\u0131 se\u00e7mek i\u00e7in<\/h4><h3 data-animation=\"scaleOut\" data-animation-delay=\"0.2\">Uzman Ekibimiz<\/h3><h3 data-animation=\"\" data-animation-delay=\"\">Yard\u0131mc\u0131 Oluyor<\/h3><p class=\"hidden-xs\" data-animation=\"fadeIn\" data-animation-delay=\"0.9s\">Bak\u0131m, Onar\u0131m Kaporta Kontrol, Motor Kontrol<\/p>                                <\/div>\r\n                            <\/div>\r\n                        <\/div>\r\n                    <\/div>\r\n                <\/div>\r\n\r\n        \r\n\r\n                <\/div>\r\n            <\/div>\r\n\r\n          [\/vc_column_text][\/vc_column][\/vc_row][vc_row full_width=&#8221;stretch_row_content_no_spaces&#8221; el_class=&#8221;overflow-visible&#8221;][vc_column][vc_column_text]\r\n        <div class=\"block banner-under-slider hidden-xs test\">\r\n            <div class=\"container\">\r\n                <div class=\"row\">\r\n                    <div class=\"col-sm-7 col-md-6\">\r\n                        <div class=\"row row-flex\">\r\n                            <div class=\"col-sm-5 col-md-6 col-title\">\r\n                                <h2>After Hours<\/h2>\r\n                                <h2 class=\"h-lg text-right\"><span class=\"color\">Drop-OFF<\/span><\/h2>\r\n                            <\/div>\r\n                            <div class=\"col-sm-7 col-md-6\">\r\n                                <p><\/p>\r\n                            <\/div>\r\n                        <\/div>\r\n                    <\/div>\r\n                    <div class=\"col-sm-5 col-md-6\">\r\n                        <div class=\"row row-flex\">\r\n                            <div class=\"col-md-6 col-lg-8 col-img\">\r\n                                <div class=\"negative-margin\"><img decoding=\"async\" src=\"https:\/\/cakirogluauto.com\/wp-content\/uploads\/2017\/12\/banner-key-new.png\" class=\"img-responsive\" alt=\"\"><\/div>\r\n                            <\/div>\r\n                                                    <\/div>\r\n                    <\/div>\r\n                <\/div>\r\n            <\/div>\r\n        <\/div>\r\n        \r\n        [\/vc_column_text][\/vc_column][\/vc_row][vc_row full_width=&#8221;stretch_row&#8221; el_class=&#8221;block bg-1 home-our-service&#8221; css=&#8221;.vc_custom_1543378314434{background-image: url(http:\/\/smartdata.tonytemplates.com\/car-repair-service\/car1\/wp-content\/uploads\/sites\/5\/2017\/03\/block-bg-1-1.jpg?id=1222) !important;}&#8221;][vc_column][vc_column_text]<\/p>\n<h2 class=\"h-lg text-center\">Our <span class=\"color\">Services<\/span><\/h2>\n<p class=\"info text-center\">Below are some of the many auto repair services we offer:<\/p>\n<p>[\/vc_column_text][vc_row_inner][vc_column_inner width=&#8221;1\/2&#8243; offset=&#8221;vc_col-md-4&#8243; css=&#8221;.vc_custom_1512554285898{margin-bottom: 0px !important;}&#8221;][vc_column_text css=&#8221;.vc_custom_1512554357404{margin-bottom: 0px !important;}&#8221;]<\/p>\n<ul class=\"marker-list\">\n<li>FREE Loaner Cars<\/li>\n<li>FREE Shuttle Service<\/li>\n<li>General Auto Repair &amp; Maintenance<\/li>\n<li>Transmission Repair &amp; Replacement<\/li>\n<li>Manufacturer Recommended Service<\/li>\n<li>Brake Repair and Replacement<\/li>\n<li>Air Conditioning A\/C Repair<\/li>\n<li>Tire Repair and Replacement<\/li>\n<\/ul>\n<p>[\/vc_column_text][\/vc_column_inner][vc_column_inner width=&#8221;1\/2&#8243; offset=&#8221;vc_col-md-4&#8243; css=&#8221;.vc_custom_1512554292882{margin-bottom: 0px !important;}&#8221;][vc_column_text css=&#8221;.vc_custom_1512554364709{margin-bottom: 0px !important;}&#8221;]<\/p>\n<div class=\"view-more-mobile\">\n<ul class=\"marker-list\">\n<li>Fuel System Repair<\/li>\n<li>Exhaust System Repair<\/li>\n<li>Engine Cooling System Maintenance<\/li>\n<li>Electrical Diagnostics<\/li>\n<li>Starting and Charging Repair<\/li>\n<li>Wheel Alignment<\/li>\n<li>CV Axles<\/li>\n<li>Computer Diagnostic Testing<\/li>\n<\/ul>\n<\/div>\n<p>[\/vc_column_text][\/vc_column_inner][vc_column_inner width=&#8221;1\/2&#8243; offset=&#8221;vc_col-md-4&#8243; css=&#8221;.vc_custom_1512554300673{margin-bottom: 0px !important;}&#8221;][vc_column_text css=&#8221;.vc_custom_1512554372677{margin-bottom: 0px !important;}&#8221;]<\/p>\n<div class=\"view-more-mobile view-more-tablet\">\n<ul class=\"marker-list\">\n<li>Vehicle Preventative Maintenance<\/li>\n<li>State Emissions Inspection<\/li>\n<li>Emission Repair Facility<\/li>\n<li>Tune Up<\/li>\n<li>Oil Change<\/li>\n<li>Brake Job \/ Brake Service<\/li>\n<li>Engine Cooling System Flush &amp; Repair<\/li>\n<li>Steering and Suspension Work<\/li>\n<\/ul>\n<\/div>\n<p>[\/vc_column_text][\/vc_column_inner][\/vc_row_inner][vc_column_text el_class=&#8221;text-center&#8221;]<\/p>\n<div class=\"text-center\"><a class=\"view-more-link color\" href=\"#slideMobile\"><span class=\"more\">All Services<\/span><span class=\"less\">Hide All Services<\/span><\/a><\/div>\n<p>[\/vc_column_text][\/vc_column][\/vc_row][vc_row][vc_column][vc_images_carousel images=&#8221;1671,1670,1669,1668,1667,1666,1665,1664,1663&#8243; title=&#8221;Markalar\u0131m\u0131z&#8221;][\/vc_column][\/vc_row][vc_row][vc_column offset=&#8221;vc_hidden-md vc_hidden-sm vc_hidden-xs&#8221;][vc_empty_space height=&#8221;30px&#8221; el_class=&#8221;search-space&#8221;][\/vc_column][\/vc_row][vc_row full_width=&#8221;stretch_row&#8221; parallax=&#8221;content-moving&#8221; parallax_image=&#8221;73&#8243; el_class=&#8221;block bg-2 home-how-it-work&#8221;][vc_column][vc_column_text]<\/p>\n<h2 class=\"h-lg text-center\"><span class=\"color\">Takas<\/span> Se\u00e7ene\u011fi<\/h2>\n<p>[\/vc_column_text][vc_empty_space height=&#8221;30px&#8221;][vc_row_inner el_class=&#8221;services-angle-text how-works-row shifted how-works-carousel&#8221;][vc_column_inner el_class=&#8221;image&#8221; width=&#8221;1\/4&#8243;][vc_single_image image=&#8221;76&#8243; img_size=&#8221;full&#8221; el_class=&#8221;image-scale&#8221; css=&#8221;.vc_custom_1492584389925{margin-bottom: 0px !important;}&#8221;][vc_column_text el_class=&#8221;how-works-block&#8221;]<\/p>\n<div class=\"caption\">\n<div class=\"inside\">\n<div class=\"number\">1<\/div>\n<div class=\"text\">\n<h5>Arac\u0131n\u0131z\u0131n Bilgilerini<br \/>\nBize G\u00f6nderin<\/h5>\n<\/div>\n<\/div>\n<\/div>\n<p>[\/vc_column_text][\/vc_column_inner][vc_column_inner el_class=&#8221;image nd-images&#8221; width=&#8221;1\/4&#8243; css=&#8221;.vc_custom_1492585680062{margin-top: 40px !important;}&#8221;][vc_single_image image=&#8221;220&#8243; img_size=&#8221;full&#8221; el_class=&#8221;image-scale&#8221; css=&#8221;.vc_custom_1492584405001{margin-bottom: 0px !important;}&#8221;][vc_column_text el_class=&#8221;how-works-block&#8221;]<\/p>\n<div class=\"caption\">\n<div class=\"inside\">\n<div class=\"number\">2<\/div>\n<div class=\"text\">\n<h5>EKSPER RAPORUNA BAKALIM<\/h5>\n<\/div>\n<\/div>\n<\/div>\n<p>[\/vc_column_text][\/vc_column_inner][vc_column_inner el_class=&#8221;image&#8221; width=&#8221;1\/4&#8243;][vc_single_image image=&#8221;218&#8243; img_size=&#8221;full&#8221; el_class=&#8221;image-scale&#8221; css=&#8221;.vc_custom_1492584414023{margin-bottom: 0px !important;}&#8221;][vc_column_text el_class=&#8221;how-works-block&#8221;]<\/p>\n<div class=\"caption\">\n<div class=\"inside\">\n<div class=\"number\">3<\/div>\n<div class=\"text\">\n<h5>BE\u011eEND\u0130\u011e\u0130N\u0130Z ARACI<br \/>\nSE\u00c7\u0130N<\/h5>\n<\/div>\n<\/div>\n<\/div>\n<p>[\/vc_column_text][\/vc_column_inner][vc_column_inner el_class=&#8221;image nd-images&#8221; width=&#8221;1\/4&#8243; css=&#8221;.vc_custom_1492585690557{margin-top: 40px !important;}&#8221;][vc_single_image image=&#8221;219&#8243; img_size=&#8221;full&#8221; el_class=&#8221;image-scale&#8221; css=&#8221;.vc_custom_1492584422258{margin-bottom: 0px !important;}&#8221;][vc_column_text el_class=&#8221;how-works-block&#8221;]<\/p>\n<div class=\"caption\">\n<div class=\"inside\">\n<div class=\"number\">4<\/div>\n<div class=\"text\">\n<h5>YEN\u0130 ARACINIZ HAYIRLI OLSUN<\/h5>\n<\/div>\n<\/div>\n<\/div>\n<p>[\/vc_column_text][\/vc_column_inner][\/vc_row_inner][\/vc_column][\/vc_row][vc_row el_class=&#8221;appoinment-button-txt home-appoinment-button-txt&#8221;][vc_column el_class=&#8221;btn-inline&#8221; offset=&#8221;vc_col-md-6&#8243;][vc_row_inner el_class=&#8221;text-appointment&#8221;][vc_column_inner][vc_column_text]<\/p>\n<h2 class=\"h-lg\">Galerimizi Ziyaret Edin.<\/h2>\n<p class=\"info\">M\u00fcft\u00fc Mah. Y\u00fczba\u015f\u0131 \u0130zzet Dura Sok. No:24\/A Kdz.ERE\u011eL\u0130<\/p>\n<h2 class=\"h-phone\">0542 547 6767 | 0372 316 6761<\/h2>\n<p>[\/vc_column_text][\/vc_column_inner][\/vc_row_inner][\/vc_column][vc_column offset=&#8221;vc_col-md-6&#8243;][vc_single_image image=&#8221;109&#8243; img_size=&#8221;full&#8221; css_animation=&#8221;fadeInRight&#8221; el_class=&#8221;img-move&#8221;][\/vc_column][\/vc_row]<\/p>\n<\/div>","protected":false},"excerpt":{"rendered":"<p>[vc_row full_width=&#8221;stretch_row_content&#8221; equal_height=&#8221;yes&#8221; el_class=&#8221;home-slider-one&#8221;][vc_column][vc_column_text][\/vc_column_text][\/vc_column][\/vc_row][vc_row full_width=&#8221;stretch_row_content_no_spaces&#8221; el_class=&#8221;overflow-visible&#8221;][vc_column][vc_column_text][\/vc_column_text][\/vc_column][\/vc_row][vc_row full_width=&#8221;stretch_row&#8221; el_class=&#8221;block bg-1 home-our-service&#8221; css=&#8221;.vc_custom_1543378314434{background-image: url(http:\/\/smartdata.tonytemplates.com\/car-repair-service\/car1\/wp-content\/uploads\/sites\/5\/2017\/03\/block-bg-1-1.jpg?id=1222) !important;}&#8221;][vc_column][vc_column_text] Our Services Below are some of the many auto repair services we offer: [\/vc_column_text][vc_row_inner][vc_column_inner width=&#8221;1\/2&#8243; offset=&#8221;vc_col-md-4&#8243; css=&#8221;.vc_custom_1512554285898{margin-bottom: 0px !important;}&#8221;][vc_column_text css=&#8221;.vc_custom_1512554357404{margin-bottom: 0px !important;}&#8221;] FREE Loaner Cars FREE Shuttle Service General Auto Repair &amp; Maintenance Transmission Repair &amp; Replacement Manufacturer Recommended Service Brake Repair&#8230;<\/p>\n","protected":false},"author":1,"featured_media":0,"parent":0,"menu_order":0,"comment_status":"closed","ping_status":"closed","template":"","meta":{"footnotes":""},"class_list":["post-56","page","type-page","status-publish","hentry"],"yoast_head":"<!-- This site is optimized with the Yoast SEO plugin v26.6 - https:\/\/yoast.com\/wordpress\/plugins\/seo\/ -->\n<title>Anasayfa - \u00c7ak\u0131ro\u011flu Otomotiv<\/title>\n<meta name=\"robots\" content=\"index, follow, max-snippet:-1, max-image-preview:large, max-video-preview:-1\" \/>\n<link rel=\"canonical\" href=\"https:\/\/cakirogluauto.com\/\" \/>\n<meta property=\"og:locale\" content=\"tr_TR\" \/>\n<meta property=\"og:type\" content=\"article\" \/>\n<meta property=\"og:title\" content=\"Anasayfa - \u00c7ak\u0131ro\u011flu Otomotiv\" \/>\n<meta property=\"og:description\" content=\"[vc_row full_width=&#8221;stretch_row_content&#8221; equal_height=&#8221;yes&#8221; el_class=&#8221;home-slider-one&#8221;][vc_column][vc_column_text][\/vc_column_text][\/vc_column][\/vc_row][vc_row full_width=&#8221;stretch_row_content_no_spaces&#8221; el_class=&#8221;overflow-visible&#8221;][vc_column][vc_column_text][\/vc_column_text][\/vc_column][\/vc_row][vc_row full_width=&#8221;stretch_row&#8221; el_class=&#8221;block bg-1 home-our-service&#8221; css=&#8221;.vc_custom_1543378314434{background-image: url(http:\/\/smartdata.tonytemplates.com\/car-repair-service\/car1\/wp-content\/uploads\/sites\/5\/2017\/03\/block-bg-1-1.jpg?id=1222) !important;}&#8221;][vc_column][vc_column_text] Our Services Below are some of the many auto repair services we offer: [\/vc_column_text][vc_row_inner][vc_column_inner width=&#8221;1\/2&#8243; offset=&#8221;vc_col-md-4&#8243; css=&#8221;.vc_custom_1512554285898{margin-bottom: 0px !important;}&#8221;][vc_column_text css=&#8221;.vc_custom_1512554357404{margin-bottom: 0px !important;}&#8221;] FREE Loaner Cars FREE Shuttle Service General Auto Repair &amp; Maintenance Transmission Repair &amp; Replacement Manufacturer Recommended Service Brake Repair...\" \/>\n<meta property=\"og:url\" content=\"https:\/\/cakirogluauto.com\/\" \/>\n<meta property=\"og:site_name\" content=\"\u00c7ak\u0131ro\u011flu Otomotiv\" \/>\n<meta property=\"article:modified_time\" content=\"2026-01-05T10:13:35+00:00\" \/>\n<meta name=\"twitter:card\" content=\"summary_large_image\" \/>\n<meta name=\"twitter:label1\" content=\"Tahmini okuma s\u00fcresi\" \/>\n\t<meta name=\"twitter:data1\" content=\"2 dakika\" \/>\n<script type=\"application\/ld+json\" class=\"yoast-schema-graph\">{\"@context\":\"https:\/\/schema.org\",\"@graph\":[{\"@type\":\"WebPage\",\"@id\":\"https:\/\/cakirogluauto.com\/\",\"url\":\"https:\/\/cakirogluauto.com\/\",\"name\":\"Anasayfa - \u00c7ak\u0131ro\u011flu Otomotiv\",\"isPartOf\":{\"@id\":\"https:\/\/cakirogluauto.com\/#website\"},\"datePublished\":\"2017-03-08T16:27:32+00:00\",\"dateModified\":\"2026-01-05T10:13:35+00:00\",\"breadcrumb\":{\"@id\":\"https:\/\/cakirogluauto.com\/#breadcrumb\"},\"inLanguage\":\"tr\",\"potentialAction\":[{\"@type\":\"ReadAction\",\"target\":[\"https:\/\/cakirogluauto.com\/\"]}]},{\"@type\":\"BreadcrumbList\",\"@id\":\"https:\/\/cakirogluauto.com\/#breadcrumb\",\"itemListElement\":[{\"@type\":\"ListItem\",\"position\":1,\"name\":\"Home\",\"item\":\"https:\/\/cakirogluauto.com\/\"},{\"@type\":\"ListItem\",\"position\":2,\"name\":\"Anasayfa\"}]},{\"@type\":\"WebSite\",\"@id\":\"https:\/\/cakirogluauto.com\/#website\",\"url\":\"https:\/\/cakirogluauto.com\/\",\"name\":\"\u00c7ak\u0131ro\u011flu Otomotiv\",\"description\":\"2.Elde Kalite ve G\u00fcven\",\"potentialAction\":[{\"@type\":\"SearchAction\",\"target\":{\"@type\":\"EntryPoint\",\"urlTemplate\":\"https:\/\/cakirogluauto.com\/?s={search_term_string}\"},\"query-input\":{\"@type\":\"PropertyValueSpecification\",\"valueRequired\":true,\"valueName\":\"search_term_string\"}}],\"inLanguage\":\"tr\"}]}<\/script>\n<!-- \/ Yoast SEO plugin. -->","yoast_head_json":{"title":"Anasayfa - \u00c7ak\u0131ro\u011flu Otomotiv","robots":{"index":"index","follow":"follow","max-snippet":"max-snippet:-1","max-image-preview":"max-image-preview:large","max-video-preview":"max-video-preview:-1"},"canonical":"https:\/\/cakirogluauto.com\/","og_locale":"tr_TR","og_type":"article","og_title":"Anasayfa - \u00c7ak\u0131ro\u011flu Otomotiv","og_description":"[vc_row full_width=&#8221;stretch_row_content&#8221; equal_height=&#8221;yes&#8221; el_class=&#8221;home-slider-one&#8221;][vc_column][vc_column_text][\/vc_column_text][\/vc_column][\/vc_row][vc_row full_width=&#8221;stretch_row_content_no_spaces&#8221; el_class=&#8221;overflow-visible&#8221;][vc_column][vc_column_text][\/vc_column_text][\/vc_column][\/vc_row][vc_row full_width=&#8221;stretch_row&#8221; el_class=&#8221;block bg-1 home-our-service&#8221; css=&#8221;.vc_custom_1543378314434{background-image: url(http:\/\/smartdata.tonytemplates.com\/car-repair-service\/car1\/wp-content\/uploads\/sites\/5\/2017\/03\/block-bg-1-1.jpg?id=1222) !important;}&#8221;][vc_column][vc_column_text] Our Services Below are some of the many auto repair services we offer: [\/vc_column_text][vc_row_inner][vc_column_inner width=&#8221;1\/2&#8243; offset=&#8221;vc_col-md-4&#8243; css=&#8221;.vc_custom_1512554285898{margin-bottom: 0px !important;}&#8221;][vc_column_text css=&#8221;.vc_custom_1512554357404{margin-bottom: 0px !important;}&#8221;] FREE Loaner Cars FREE Shuttle Service General Auto Repair &amp; Maintenance Transmission Repair &amp; Replacement Manufacturer Recommended Service Brake Repair...","og_url":"https:\/\/cakirogluauto.com\/","og_site_name":"\u00c7ak\u0131ro\u011flu Otomotiv","article_modified_time":"2026-01-05T10:13:35+00:00","twitter_card":"summary_large_image","twitter_misc":{"Tahmini okuma s\u00fcresi":"2 dakika"},"schema":{"@context":"https:\/\/schema.org","@graph":[{"@type":"WebPage","@id":"https:\/\/cakirogluauto.com\/","url":"https:\/\/cakirogluauto.com\/","name":"Anasayfa - \u00c7ak\u0131ro\u011flu Otomotiv","isPartOf":{"@id":"https:\/\/cakirogluauto.com\/#website"},"datePublished":"2017-03-08T16:27:32+00:00","dateModified":"2026-01-05T10:13:35+00:00","breadcrumb":{"@id":"https:\/\/cakirogluauto.com\/#breadcrumb"},"inLanguage":"tr","potentialAction":[{"@type":"ReadAction","target":["https:\/\/cakirogluauto.com\/"]}]},{"@type":"BreadcrumbList","@id":"https:\/\/cakirogluauto.com\/#breadcrumb","itemListElement":[{"@type":"ListItem","position":1,"name":"Home","item":"https:\/\/cakirogluauto.com\/"},{"@type":"ListItem","position":2,"name":"Anasayfa"}]},{"@type":"WebSite","@id":"https:\/\/cakirogluauto.com\/#website","url":"https:\/\/cakirogluauto.com\/","name":"\u00c7ak\u0131ro\u011flu Otomotiv","description":"2.Elde Kalite ve G\u00fcven","potentialAction":[{"@type":"SearchAction","target":{"@type":"EntryPoint","urlTemplate":"https:\/\/cakirogluauto.com\/?s={search_term_string}"},"query-input":{"@type":"PropertyValueSpecification","valueRequired":true,"valueName":"search_term_string"}}],"inLanguage":"tr"}]}},"_links":{"self":[{"href":"https:\/\/cakirogluauto.com\/index.php\/wp-json\/wp\/v2\/pages\/56","targetHints":{"allow":["GET"]}}],"collection":[{"href":"https:\/\/cakirogluauto.com\/index.php\/wp-json\/wp\/v2\/pages"}],"about":[{"href":"https:\/\/cakirogluauto.com\/index.php\/wp-json\/wp\/v2\/types\/page"}],"author":[{"embeddable":true,"href":"https:\/\/cakirogluauto.com\/index.php\/wp-json\/wp\/v2\/users\/1"}],"replies":[{"embeddable":true,"href":"https:\/\/cakirogluauto.com\/index.php\/wp-json\/wp\/v2\/comments?post=56"}],"version-history":[{"count":27,"href":"https:\/\/cakirogluauto.com\/index.php\/wp-json\/wp\/v2\/pages\/56\/revisions"}],"predecessor-version":[{"id":1703,"href":"https:\/\/cakirogluauto.com\/index.php\/wp-json\/wp\/v2\/pages\/56\/revisions\/1703"}],"wp:attachment":[{"href":"https:\/\/cakirogluauto.com\/index.php\/wp-json\/wp\/v2\/media?parent=56"}],"curies":[{"name":"wp","href":"https:\/\/api.w.org\/{rel}","templated":true}]}}